{"id":47,"date":"2023-11-25T16:26:50","date_gmt":"2023-11-25T15:26:50","guid":{"rendered":"http:\/\/enviromatic.fr\/?page_id=47"},"modified":"2023-11-28T14:56:48","modified_gmt":"2023-11-28T13:56:48","slug":"accueil","status":"publish","type":"page","link":"https:\/\/enviromatic.fr\/","title":{"rendered":"Accueil"},"content":{"rendered":"\n<div class=\"wp-block-cover alignfull is-light hestia-clear-top-padding\"><span aria-hidden=\"true\" class=\"wp-block-cover__background has-white-background-color has-background-dim-100 has-background-dim\"><\/span><div class=\"wp-block-cover__inner-container is-layout-flow wp-block-cover-is-layout-flow\">\n<h2 class=\"wp-block-heading has-text-align-center has-text-color\" style=\"color:#3c4858\">Ce qui nous caract\u00e9rise<\/h2>\n\n\n\n<div style=\"height:40px\" aria-hidden=\"true\" class=\"wp-block-spacer\"><\/div>\n\n\n\n<div class=\"wp-block-columns container is-layout-flex wp-container-core-columns-is-layout-28f84493 wp-block-columns-is-layout-flex\">\n<div class=\"wp-block-column is-layout-flow wp-block-column-is-layout-flow\"><div class=\"wp-block-image\">\n<figure class=\"aligncenter size-large\"><img decoding=\"async\" src=\"http:\/\/enviromatic.fr\/wp-content\/themes\/hestia\/assets\/img\/feat1.png\" alt=\"\" class=\"wp-image-70\"\/><\/figure>\n<\/div>\n\n\n<h5 class=\"wp-block-heading has-text-align-center has-text-color\" style=\"color:#3c4858;font-size:18px\">Ecoute et r\u00e9activit\u00e9<\/h5>\n\n\n\n<p class=\"has-text-align-center has-text-color\" style=\"color:#999999;font-size:14px\">Une \u00e9coute attentive et active est essentielle pour obtenir une bonne ad\u00e9quation entre vos besoins et le syst\u00e8me propos\u00e9. C&rsquo;est une \u00e9tape primordial de l&rsquo;\u00e9tude du projet. Une fois les applications en production, la taille contenue de l&rsquo;\u00e9quipe d\u00e9di\u00e9e permet une r\u00e9activit\u00e9 accrue pour la mise en place rapide d&rsquo;\u00e9volutions.<\/p>\n\n\n\n<div style=\"height:25px\" aria-hidden=\"true\" class=\"wp-block-spacer\"><\/div>\n<\/div>\n\n\n\n<div class=\"wp-block-column is-layout-flow wp-block-column-is-layout-flow\"><div class=\"wp-block-image\">\n<figure class=\"aligncenter size-large\"><img decoding=\"async\" src=\"http:\/\/enviromatic.fr\/wp-content\/themes\/hestia\/assets\/img\/feat2.png\" alt=\"\" class=\"wp-image-71\"\/><\/figure>\n<\/div>\n\n\n<h5 class=\"wp-block-heading has-text-align-center has-text-color\" style=\"color:#3c4858;font-size:18px\">Qualit\u00e9<\/h5>\n\n\n\n<p class=\"has-text-align-center has-text-color\" style=\"color:#999999;font-size:14px\">La qualit\u00e9 est un gage de robustesse et de disponibilit\u00e9. Les applications et syst\u00e8mes d&rsquo;information cr\u00e9\u00e9s par Enviromatic ont \u00e9t\u00e9 valid\u00e9s par de nombreux acteurs majeurs, comme Arthur Andersen (Accenture), la DSI de Bouygues Telecom Entreprise, PricewaterhouseCoopers, &#8230;<\/p>\n\n\n\n<div style=\"height:25px\" aria-hidden=\"true\" class=\"wp-block-spacer\"><\/div>\n<\/div>\n\n\n\n<div class=\"wp-block-column is-layout-flow wp-block-column-is-layout-flow\"><div class=\"wp-block-image\">\n<figure class=\"aligncenter size-large\"><img decoding=\"async\" src=\"http:\/\/enviromatic.fr\/wp-content\/themes\/hestia\/assets\/img\/feat3.png\" alt=\"\" class=\"wp-image-72\"\/><\/figure>\n<\/div>\n\n\n<h5 class=\"wp-block-heading has-text-align-center has-text-color\" style=\"color:#3c4858;font-size:18px\">Support<\/h5>\n\n\n\n<p class=\"has-text-align-center has-text-color\" style=\"color:#999999;font-size:14px\">La soci\u00e9t\u00e9 Enviromatic prends en charge le support des syst\u00e8mes d&rsquo;informations et applications qu&rsquo;elle con\u00e7oit. Des partenaires peuvent \u00eatre associ\u00e9s aux contrats de maintenance afin de garantir leur p\u00e9rennit\u00e9. C&rsquo;est le cas pour la Caisse des d\u00e9p\u00f4ts et Consignations, ou bien Valorplast, par exemple.<\/p>\n\n\n\n<div style=\"height:25px\" aria-hidden=\"true\" class=\"wp-block-spacer\"><\/div>\n<\/div>\n<\/div>\n\n\n\n<div style=\"height:40px\" aria-hidden=\"true\" class=\"wp-block-spacer\"><\/div>\n<\/div><\/div>\n\n\n\n<div class=\"wp-block-columns container is-layout-flex wp-container-core-columns-is-layout-28f84493 wp-block-columns-is-layout-flex\">\n<div class=\"wp-block-column col-md-5 is-layout-flow wp-block-column-is-layout-flow\">\n<div style=\"height:55px\" aria-hidden=\"true\" class=\"wp-block-spacer\"><\/div>\n\n\n\n<h2 class=\"wp-block-heading\">\u00c0 propos d&rsquo;Enviromatic<\/h2>\n\n\n\n<p>Enviromatic est une entreprise cr\u00e9\u00e9e en 1984, \u00e0 l&rsquo;origine pour la conception et la r\u00e9alisation de robots sp\u00e9cialis\u00e9s dans le recyclage de d\u00e9chets toxiques. Nos clients ayant eut besoin de solutions logicielles pour le suivi de leurs d\u00e9chets, nous avons commenc\u00e9 \u00e0 leur r\u00e9aliser des syst\u00e8mes d&rsquo;informations adapt\u00e9s. Cette activit\u00e9 \u00e0 finalement pris le dessus et Enviromatic est maintenant sp\u00e9cialis\u00e9 dans la cr\u00e9ation d&rsquo;application web\/mobiles sur mesure, depuis plus de 20 ans.<\/p>\n<\/div>\n\n\n\n<div class=\"wp-block-column col-md-6 col-md-offset1 is-layout-flow wp-block-column-is-layout-flow\">\n<div style=\"height:55px\" aria-hidden=\"true\" class=\"wp-block-spacer\"><\/div>\n\n\n\n<figure class=\"wp-block-image size-full\"><img loading=\"lazy\" decoding=\"async\" width=\"650\" height=\"945\" src=\"http:\/\/enviromatic.fr\/wp-content\/uploads\/2023\/11\/CarteVisiteVerso-rotated.jpg\" alt=\"\" class=\"wp-image-78\" srcset=\"https:\/\/enviromatic.fr\/wp-content\/uploads\/2023\/11\/CarteVisiteVerso-rotated.jpg 650w, https:\/\/enviromatic.fr\/wp-content\/uploads\/2023\/11\/CarteVisiteVerso-206x300.jpg 206w\" sizes=\"auto, (max-width: 650px) 100vw, 650px\" \/><\/figure>\n\n\n\n<p><\/p>\n<\/div>\n<\/div>\n","protected":false},"excerpt":{"rendered":"<p>\u00c0 propos d&rsquo;Enviromatic Enviromatic est une entreprise cr\u00e9\u00e9e en 1984, \u00e0 l&rsquo;origine pour la conception et la r\u00e9alisation de robots sp\u00e9cialis\u00e9s dans le recyclage de d\u00e9chets toxiques. Nos clients ayant eut besoin de solutions logicielles pour le suivi de leurs d\u00e9chets, nous avons commenc\u00e9 \u00e0 leur r\u00e9aliser des syst\u00e8mes d&rsquo;informations [&hellip;]<\/p>\n","protected":false},"author":1,"featured_media":0,"parent":0,"menu_order":0,"comment_status":"closed","ping_status":"closed","template":"","meta":{"footnotes":""},"class_list":["post-47","page","type-page","status-publish","hentry"],"_links":{"self":[{"href":"https:\/\/enviromatic.fr\/index.php\/wp-json\/wp\/v2\/pages\/47","targetHints":{"allow":["GET"]}}],"collection":[{"href":"https:\/\/enviromatic.fr\/index.php\/wp-json\/wp\/v2\/pages"}],"about":[{"href":"https:\/\/enviromatic.fr\/index.php\/wp-json\/wp\/v2\/types\/page"}],"author":[{"embeddable":true,"href":"https:\/\/enviromatic.fr\/index.php\/wp-json\/wp\/v2\/users\/1"}],"replies":[{"embeddable":true,"href":"https:\/\/enviromatic.fr\/index.php\/wp-json\/wp\/v2\/comments?post=47"}],"version-history":[{"count":7,"href":"https:\/\/enviromatic.fr\/index.php\/wp-json\/wp\/v2\/pages\/47\/revisions"}],"predecessor-version":[{"id":167,"href":"https:\/\/enviromatic.fr\/index.php\/wp-json\/wp\/v2\/pages\/47\/revisions\/167"}],"wp:attachment":[{"href":"https:\/\/enviromatic.fr\/index.php\/wp-json\/wp\/v2\/media?parent=47"}],"curies":[{"name":"wp","href":"https:\/\/api.w.org\/{rel}","templated":true}]}}